{"id":3,"date":"2019-03-15T10:17:34","date_gmt":"2019-03-15T14:17:34","guid":{"rendered":"https:\/\/www.varibase.com\/blog\/?page_id=3"},"modified":"2019-05-14T11:17:36","modified_gmt":"2019-05-14T15:17:36","slug":"mentions-legales","status":"publish","type":"page","link":"https:\/\/varibase.com\/blog\/mentions-legales\/","title":{"rendered":"Mentions l\u00e9gales"},"content":{"rendered":"\n<h5 class=\"wp-block-heading\">Editeur des pr\u00e9sents sites :<\/h5>\n\n\n\n<p><a href=\"http:\/\/www.varibase.fr\/\" target=\"_blank\" rel=\"noreferrer noopener\">www.varibase.fr<\/a><br><a href=\"http:\/\/www.varibase.ca\/\" target=\"_blank\" rel=\"noreferrer noopener\">www.varibase.ca<\/a><br><a href=\"http:\/\/www.varibase.com\/\" target=\"_blank\" rel=\"noreferrer noopener\">www.varibase.com<\/a><br><a href=\"http:\/\/www.varibase-sante.fr\/\" target=\"_blank\" rel=\"noreferrer noopener\">www.varibase-sante.fr<\/a><br><a href=\"http:\/\/www.varibase-health.com\/\" target=\"_blank\" rel=\"noreferrer noopener\">www.varibase-health.com<\/a><br><a href=\"http:\/\/www.varibase-digital.fr\/\" target=\"_blank\" rel=\"noreferrer noopener\">www.varibase-digital.fr<\/a><br><a href=\"http:\/\/www.varibase-digital.com\/\" target=\"_blank\" rel=\"noreferrer noopener\">www.varibase-digital.com<\/a><br>(Ci-dessous appel\u00e9s \u00ab les sites \u00bb)<\/p>\n\n\n\n<p><strong>Varibase Inc.<\/strong>, est une corporation Canadienne situ\u00e9e au 50 rue Queen, bureau 203, Montr\u00e9al, QC H3C 2N5, Canada.<br>(Ci-dessous appel\u00e9e \u00ab Varibase \u00bb)<\/p>\n\n\n\n<p>Pour toute suggestion, information, r\u00e9action concernant ce site, \u00e9crivez \u00e0 :&nbsp;<a href=\"https:\/\/mail.google.com\/mail\/?view=cm&amp;fs=1&amp;tf=1&amp;to=contact@varibase.com\" target=\"_blank\" rel=\"noreferrer noopener\">contact@varibase.com<\/a><\/p>\n\n\n\n<hr class=\"wp-block-separator\"\/>\n\n\n\n<h5 class=\"wp-block-heading\">Cr\u00e9dits :<\/h5>\n\n\n\n<p>Les&nbsp;sites ont \u00e9t\u00e9 r\u00e9alis\u00e9s par Varibase<br>Direction de publication : Eric AZARA, Pr\u00e9sident de&nbsp;Varibase<\/p>\n\n\n\n<p>Photos : Stocksy et Shutterstock<\/p>\n\n\n\n<hr class=\"wp-block-separator\"\/>\n\n\n\n<h5 class=\"wp-block-heading\">Conception, r\u00e9alisation technique des sites :<\/h5>\n\n\n\n<p>Varibase<\/p>\n\n\n\n<h5 class=\"wp-block-heading\">H\u00e9bergeur :<\/h5>\n\n\n\n<p>Ces sites sont h\u00e9berg\u00e9s par :<br>OVH&nbsp;<br>40 Rue de l&rsquo;Industrie<br>Melocheville, (QC) J6N 1V4<br>Canada.&nbsp;<\/p>\n\n\n\n<hr class=\"wp-block-separator\"\/>\n\n\n\n<h5 class=\"wp-block-heading\">Droits d&rsquo;auteurs :<\/h5>\n\n\n\n<p>Les sites sont prot\u00e9g\u00e9s par le droit d&rsquo;auteur. Les droits de propri\u00e9t\u00e9 intellectuelle relatifs au site restent la propri\u00e9t\u00e9 exclusive de Varibase. Les marques de l&rsquo;\u00e9diteur des sites suivants<br><a href=\"http:\/\/www.varibase.fr\/\" target=\"_blank\" rel=\"noreferrer noopener\">www.varibase.fr<\/a><br><a href=\"http:\/\/www.varibase.com\/\" target=\"_blank\" rel=\"noreferrer noopener\">www.varibase.com<\/a><br><a href=\"http:\/\/www.varibase.ca\/\" target=\"_blank\" rel=\"noreferrer noopener\">www.varibase.ca<\/a><br><a href=\"http:\/\/www.varibase-sante.fr\/\" target=\"_blank\" rel=\"noreferrer noopener\">www.varibase-sante.fr<\/a><br><a href=\"http:\/\/www.varibase-health.com\/\" target=\"_blank\" rel=\"noreferrer noopener\">www.varibase-health.com<\/a><br><a href=\"http:\/\/www.varibase-digital.fr\/\" target=\"_blank\" rel=\"noreferrer noopener\">www.varibase-digital.fr<\/a><br><a href=\"http:\/\/www.varibase-digital.com\/\" target=\"_blank\" rel=\"noreferrer noopener\">www.varibase-digital.com<\/a><br>ainsi que les logos figurant sur les sites sont des marques d\u00e9pos\u00e9es. L&rsquo;utilisation de ces sites ne conf\u00e8re aucun droit. En cons\u00e9quence, le t\u00e9l\u00e9chargement de tout ou partie des textes, images, sons, photographies, donn\u00e9es, marques et tout autre \u00e9l\u00e9ment qui y sont contenus qu&rsquo;\u00e0 des fins strictement priv\u00e9es, est interdit. Toute r\u00e9utilisation, diffusion, commercialisation, reproduction et repr\u00e9sentation, totale ou partielle, d&rsquo;\u00e9l\u00e9ments de ces sites \u00e0 d&rsquo;autres fins qu&rsquo;un usage priv\u00e9, sans l&rsquo;autorisation pr\u00e9alable expresse de Varibase, est interdite et constitutive du d\u00e9lit de contrefa\u00e7on de droit d&rsquo;auteur et\/ou d&rsquo;atteinte aux droits voisins.<\/p>\n\n\n\n<hr class=\"wp-block-separator\"\/>\n\n\n\n<h5 class=\"wp-block-heading\">Acc\u00e8s aux sites :<\/h5>\n\n\n\n<p>L&rsquo;utilisateur de ces sites reconna\u00eet disposer de la comp\u00e9tence et des moyens n\u00e9cessaires pour acc\u00e9der et utiliser ces sites. Il est rappel\u00e9 que le fait d&rsquo;acc\u00e9der ou de se maintenir frauduleusement dans un syst\u00e8me informatique, d&rsquo;entraver ou de fausser le fonctionnement d&rsquo;un tel syst\u00e8me, d&rsquo;introduire ou de modifier frauduleusement des donn\u00e9es dans un syst\u00e8me informatique constituent des d\u00e9lits passibles de sanctions p\u00e9nales.<\/p>\n\n\n\n<hr class=\"wp-block-separator\"\/>\n\n\n\n<h5 class=\"wp-block-heading\">Contenu des sites :<\/h5>\n\n\n\n<p>Varibase se r\u00e9serve le droit de corriger, \u00e0 tout moment et sans pr\u00e9avis, le contenu de ces sites. En outre, Varibase d\u00e9cline toute responsabilit\u00e9 en cas de retard, d&rsquo;erreur ou d&rsquo;omission quant au contenu des pr\u00e9sentes pages de m\u00eame qu&rsquo;en cas d&rsquo;interruption ou de non-disponibilit\u00e9 du service.<\/p>\n\n\n\n<hr class=\"wp-block-separator\"\/>\n\n\n\n<h5 class=\"wp-block-heading\">Liens Hypertextes :<\/h5>\n\n\n\n<p>La cr\u00e9ation de liens hypertextes vers les sites suivants<br><a href=\"http:\/\/www.varibase.fr\/\" target=\"_blank\" rel=\"noreferrer noopener\">www.varibase.fr<\/a><br><a href=\"http:\/\/www.varibase.com\/\" target=\"_blank\" rel=\"noreferrer noopener\">www.varibase.com<\/a><br><a href=\"http:\/\/www.varibase.ca\/\" target=\"_blank\" rel=\"noreferrer noopener\">www.varibase.ca<\/a><br><a href=\"http:\/\/www.varibase-sante.fr\/\" target=\"_blank\" rel=\"noreferrer noopener\">www.varibase-sante.fr<\/a><br><a href=\"http:\/\/www.varibase-health.com\/\" target=\"_blank\" rel=\"noreferrer noopener\">www.varibase-health.com<\/a><br><a href=\"http:\/\/www.varibase-digital.fr\/\" target=\"_blank\" rel=\"noreferrer noopener\">www.varibase-digital.fr<\/a><br><a href=\"http:\/\/www.varibase-digital.com\/\" target=\"_blank\" rel=\"noreferrer noopener\">www.varibase-digital.com<\/a><br>ne saurait, en aucun cas, engager la responsabilit\u00e9 de Varibase. Les liens hypertextes \u00e9tablis en direction d&rsquo;autres sites \u00e0 partir de Varibase&nbsp; ne sauraient, en aucun cas, engager la responsabilit\u00e9 de Varibase.<\/p>\n\n\n\n<hr class=\"wp-block-separator\"\/>\n\n\n\n<h5 class=\"wp-block-heading\">Fichiers t\u00e9moins (\u00ab\u00a0Cookies\u00a0\u00bb) :<\/h5>\n\n\n\n<p>L&rsquo;utilisateur est inform\u00e9 que lors de ses visites sur les sites un cookie peut s&rsquo;installer automatiquement sur son logiciel de navigation. Le cookie est un bloc de donn\u00e9es qui ne permet pas d&rsquo;identifier l&rsquo;utilisateur mais qui sert \u00e0 enregistrer des informations relatives \u00e0 la navigation de celui-ci sur les sites. Le param\u00e9trage du logiciel de navigation permet d&rsquo;informer de la pr\u00e9sence d&rsquo;un cookie et notamment de la refuser, de la mani\u00e8re suivante :<br>&#8211; Si vous naviguez sur Internet avec le navigateur \u00ab\u00a0Internet Explorer 6 ou autre plus r\u00e9cent (Microsoft)\u00a0\u00bb, cliquez sur \u00ab\u00a0Options Internet\u00a0\u00bb dans le menu \u00ab\u00a0Outils\u00a0\u00bb, puis cliquez sur l&rsquo;onglet \u00ab\u00a0Confidentialit\u00e9\u00a0\u00bb, puis sur le bouton \u00ab\u00a0Avanc\u00e9\u00a0\u00bb. Dans cette nouvelle fen\u00eatre cliquez sur \u00ab\u00a0Ignorer la gestion automatique des cookies\u00a0\u00bb puis cochez \u00ab\u00a0Accepter\u00a0\u00bb dans le menu \u00ab\u00a0Cookies internes\u00a0\u00bb et \u00ab\u00a0Cookies tierce partie\u00a0\u00bb puis validez par \u00ab\u00a0OK\u00a0\u00bb.<br>&#8211; Si vous naviguez sur Internet avec le navigateur \u00ab\u00a0Mozilla Firefox 2 ou autre plus r\u00e9cent\u00a0\u00bb: cliquez sur la barre de menu sur \u00ab\u00a0Options\u00a0\u00bb, puis dans l\u2019onglet \u00ab\u00a0Vie priv\u00e9e\u00a0\u00bb cochez la case \u00ab\u00a0Accepter les cookies\u00a0\u00bb, puis choisissez leurs dur\u00e9e de conservation.<\/p>\n\n\n\n<hr class=\"wp-block-separator\"\/>\n\n\n\n<h5 class=\"wp-block-heading\">Google Analytics<\/h5>\n\n\n\n<p>Varibase utilise Google Analytics pour mesurer l\u2019audience du site internet varibase.com. Google Analytics utilise des cookies. Les informations anonymes g\u00e9n\u00e9r\u00e9es par le cookie de Google Analytics \u00e0 propos de votre usage de notre site sont transmises \u00e0 Google. Cette information est alors trait\u00e9e pour compiler des rapports de statistique \u00e0 propos de l&rsquo;activit\u00e9 sur notre site web seulement.&nbsp;<br>Vous avez la possibilit\u00e9 de d\u00e9sactiver la collecte des donn\u00e9es de Google Analytics \u00e0 tout moment en consultant cette page de&nbsp;<a href=\"https:\/\/tools.google.com\/dlpage\/gaoptout?hl=fr\" target=\"_blank\" rel=\"noreferrer noopener\">d\u00e9sactivation de Google Analytics.<\/a><\/p>\n\n\n\n<hr class=\"wp-block-separator\"\/>\n\n\n\n<h5 class=\"wp-block-heading\">Protection des donn\u00e9es personnelles :<\/h5>\n\n\n\n<p>Varibase ne divulguera pas \u00e0 des tiers les donn\u00e9es personnelles vous concernant que vous pourriez lui communiquer par l\u2019interm\u00e9diaire de ces sites. Elles ne seront utilis\u00e9es que dans le but de vous r\u00e9pondre le plus efficacement possible. Les Sites ne sont pas destin\u00e9s \u00e0 recevoir de votre part des informations \u00e0 caract\u00e8re confidentiel. En cons\u00e9quence et \u00e0 l&rsquo;exception des donn\u00e9es personnelles vis\u00e9es ci-dessus, toute information, quelle qu&rsquo;en soit la forme &#8211; document, donn\u00e9e, graphique, question, suggestion, concept, remarque, ou autre -, que vous nous communiquerez sur les Sites ne sera en aucun cas tenue pour confidentielle. En cons\u00e9quence, sa simple transmission par vos soins nous conf\u00e8re le droit de l&rsquo;utiliser, de la reproduire, de la diffuser, de la modifier ou de la transmettre dans le but de traiter votre demande. Conform\u00e9ment \u00e0 la loi fran\u00e7aise (article 27 de la Loi n\u00b0 78.17 du 6 janvier 1978 relative \u00e0 l&rsquo;informatique, aux fichiers et aux libert\u00e9s), vous disposez d&rsquo;un droit d&rsquo;opposition (art. 26) d&rsquo;acc\u00e8s (art. 34 \u00e0 38), de rectification (art. 36) et de suppression des donn\u00e9es personnelles qui vous concernent.<br>Vous pouvez exercer ce droit en vous adressant \u00e0&nbsp;<a href=\"https:\/\/mail.google.com\/mail\/?view=cm&amp;fs=1&amp;tf=1&amp;to=contact@varibase.com\" target=\"_blank\" rel=\"noreferrer noopener\">contact@varibase.com<\/a><br>Vous pouvez \u00e9galement nous envoyer un courrier \u00e0 l&rsquo;adresse suivante :<\/p>\n\n\n\n<p>Varibase<br>50 rue Queen, bureau 203<br>Montr\u00e9al QC H3C 2N5<br>Canada<\/p>\n\n\n\n<hr class=\"wp-block-separator\"\/>\n\n\n\n<h5 class=\"wp-block-heading\">Lois applicables :<\/h5>\n\n\n\n<p>Le contenu de ces sites est assujetti au droit applicable au Qu\u00e9bec, Canada et tout utilisateur reconna\u00eet la comp\u00e9tence des tribunaux de ce pays pour tout ce qui concerne le contenu et l&rsquo;utilisation du site ou les recours en d\u00e9coulant<\/p>\n\n\n\n<p>Derni\u00e8re mise \u00e0 jour des Conditions g\u00e9n\u00e9rales d&rsquo;utilisation : 27\/09\/2018<br>\u00a9 Agence Varibase. Tous droits r\u00e9serv\u00e9s.<\/p>\n","protected":false},"excerpt":{"rendered":"<p>Editeur des pr\u00e9sents sites : www.varibase.frwww.varibase.cawww.varibase.comwww.varibase-sante.frwww.varibase-health.comwww.varibase-digital.frwww.varibase-digital.com(Ci-dessous appel\u00e9s \u00ab les sites \u00bb) Varibase Inc., est une corporation Canadienne situ\u00e9e au 50 rue Queen, bureau 203, Montr\u00e9al, QC H3C 2N5, Canada.(Ci-dessous appel\u00e9e \u00ab Varibase \u00bb) Pour toute suggestion, information, r\u00e9action concernant ce site, \u00e9crivez \u00e0 :&nbsp;contact@varibase.com Cr\u00e9dits : Les&nbsp;sites ont \u00e9t\u00e9 r\u00e9alis\u00e9s par VaribaseDirection de publication : [&hellip;]<\/p>\n","protected":false},"author":1,"featured_media":0,"parent":0,"menu_order":0,"comment_status":"closed","ping_status":"open","template":"","meta":{"_et_pb_use_builder":"","_et_pb_old_content":"","_et_gb_content_width":"","footnotes":""},"class_list":["post-3","page","type-page","status-publish","hentry"],"yoast_head":"<!-- This site is optimized with the Yoast SEO plugin v27.2 - https:\/\/yoast.com\/product\/yoast-seo-wordpress\/ -->\n<title>Mentions l\u00e9gales - Le blog du Marketing Relationnel, par Varibase<\/title>\n<meta name=\"robots\" content=\"index, follow, max-snippet:-1, max-image-preview:large, max-video-preview:-1\" \/>\n<link rel=\"canonical\" href=\"https:\/\/varibase.com\/blog\/mentions-legales\/\" \/>\n<meta name=\"twitter:label1\" content=\"Dur\u00e9e de lecture estim\u00e9e\" \/>\n\t<meta name=\"twitter:data1\" content=\"5 minutes\" \/>\n<script type=\"application\/ld+json\" class=\"yoast-schema-graph\">{\"@context\":\"https:\/\/schema.org\",\"@graph\":[{\"@type\":\"WebPage\",\"@id\":\"https:\/\/varibase.com\/blog\/mentions-legales\/\",\"url\":\"https:\/\/varibase.com\/blog\/mentions-legales\/\",\"name\":\"Mentions l\u00e9gales - Le blog du Marketing Relationnel, par Varibase\",\"isPartOf\":{\"@id\":\"https:\/\/varibase.com\/blog\/#website\"},\"datePublished\":\"2019-03-15T14:17:34+00:00\",\"dateModified\":\"2019-05-14T15:17:36+00:00\",\"breadcrumb\":{\"@id\":\"https:\/\/varibase.com\/blog\/mentions-legales\/#breadcrumb\"},\"inLanguage\":\"fr-FR\",\"potentialAction\":[{\"@type\":\"ReadAction\",\"target\":[\"https:\/\/varibase.com\/blog\/mentions-legales\/\"]}]},{\"@type\":\"BreadcrumbList\",\"@id\":\"https:\/\/varibase.com\/blog\/mentions-legales\/#breadcrumb\",\"itemListElement\":[{\"@type\":\"ListItem\",\"position\":1,\"name\":\"Home\",\"item\":\"https:\/\/varibase.com\/blog\/\"},{\"@type\":\"ListItem\",\"position\":2,\"name\":\"Mentions l\u00e9gales\"}]},{\"@type\":\"WebSite\",\"@id\":\"https:\/\/varibase.com\/blog\/#website\",\"url\":\"https:\/\/varibase.com\/blog\/\",\"name\":\"Le blog du Marketing Relationnel, par Varibase\",\"description\":\"Variblog, le blog de Varibase\",\"publisher\":{\"@id\":\"https:\/\/varibase.com\/blog\/#organization\"},\"potentialAction\":[{\"@type\":\"SearchAction\",\"target\":{\"@type\":\"EntryPoint\",\"urlTemplate\":\"https:\/\/varibase.com\/blog\/?s={search_term_string}\"},\"query-input\":{\"@type\":\"PropertyValueSpecification\",\"valueRequired\":true,\"valueName\":\"search_term_string\"}}],\"inLanguage\":\"fr-FR\"},{\"@type\":\"Organization\",\"@id\":\"https:\/\/varibase.com\/blog\/#organization\",\"name\":\"Varibase\",\"url\":\"https:\/\/varibase.com\/blog\/\",\"logo\":{\"@type\":\"ImageObject\",\"inLanguage\":\"fr-FR\",\"@id\":\"https:\/\/varibase.com\/blog\/#\/schema\/logo\/image\/\",\"url\":\"https:\/\/varibase.com\/blog\/wp-content\/uploads\/2022\/12\/logo-petit.png\",\"contentUrl\":\"https:\/\/varibase.com\/blog\/wp-content\/uploads\/2022\/12\/logo-petit.png\",\"width\":400,\"height\":400,\"caption\":\"Varibase\"},\"image\":{\"@id\":\"https:\/\/varibase.com\/blog\/#\/schema\/logo\/image\/\"},\"sameAs\":[\"https:\/\/www.facebook.com\/pg\/Varibase\/\",\"https:\/\/www.linkedin.com\/company\/varibase\/\"]}]}<\/script>\n<!-- \/ Yoast SEO plugin. -->","yoast_head_json":{"title":"Mentions l\u00e9gales - Le blog du Marketing Relationnel, par Varibase","robots":{"index":"index","follow":"follow","max-snippet":"max-snippet:-1","max-image-preview":"max-image-preview:large","max-video-preview":"max-video-preview:-1"},"canonical":"https:\/\/varibase.com\/blog\/mentions-legales\/","twitter_misc":{"Dur\u00e9e de lecture estim\u00e9e":"5 minutes"},"schema":{"@context":"https:\/\/schema.org","@graph":[{"@type":"WebPage","@id":"https:\/\/varibase.com\/blog\/mentions-legales\/","url":"https:\/\/varibase.com\/blog\/mentions-legales\/","name":"Mentions l\u00e9gales - Le blog du Marketing Relationnel, par Varibase","isPartOf":{"@id":"https:\/\/varibase.com\/blog\/#website"},"datePublished":"2019-03-15T14:17:34+00:00","dateModified":"2019-05-14T15:17:36+00:00","breadcrumb":{"@id":"https:\/\/varibase.com\/blog\/mentions-legales\/#breadcrumb"},"inLanguage":"fr-FR","potentialAction":[{"@type":"ReadAction","target":["https:\/\/varibase.com\/blog\/mentions-legales\/"]}]},{"@type":"BreadcrumbList","@id":"https:\/\/varibase.com\/blog\/mentions-legales\/#breadcrumb","itemListElement":[{"@type":"ListItem","position":1,"name":"Home","item":"https:\/\/varibase.com\/blog\/"},{"@type":"ListItem","position":2,"name":"Mentions l\u00e9gales"}]},{"@type":"WebSite","@id":"https:\/\/varibase.com\/blog\/#website","url":"https:\/\/varibase.com\/blog\/","name":"Le blog du Marketing Relationnel, par Varibase","description":"Variblog, le blog de Varibase","publisher":{"@id":"https:\/\/varibase.com\/blog\/#organization"},"potentialAction":[{"@type":"SearchAction","target":{"@type":"EntryPoint","urlTemplate":"https:\/\/varibase.com\/blog\/?s={search_term_string}"},"query-input":{"@type":"PropertyValueSpecification","valueRequired":true,"valueName":"search_term_string"}}],"inLanguage":"fr-FR"},{"@type":"Organization","@id":"https:\/\/varibase.com\/blog\/#organization","name":"Varibase","url":"https:\/\/varibase.com\/blog\/","logo":{"@type":"ImageObject","inLanguage":"fr-FR","@id":"https:\/\/varibase.com\/blog\/#\/schema\/logo\/image\/","url":"https:\/\/varibase.com\/blog\/wp-content\/uploads\/2022\/12\/logo-petit.png","contentUrl":"https:\/\/varibase.com\/blog\/wp-content\/uploads\/2022\/12\/logo-petit.png","width":400,"height":400,"caption":"Varibase"},"image":{"@id":"https:\/\/varibase.com\/blog\/#\/schema\/logo\/image\/"},"sameAs":["https:\/\/www.facebook.com\/pg\/Varibase\/","https:\/\/www.linkedin.com\/company\/varibase\/"]}]}},"_links":{"self":[{"href":"https:\/\/varibase.com\/blog\/wp-json\/wp\/v2\/pages\/3","targetHints":{"allow":["GET"]}}],"collection":[{"href":"https:\/\/varibase.com\/blog\/wp-json\/wp\/v2\/pages"}],"about":[{"href":"https:\/\/varibase.com\/blog\/wp-json\/wp\/v2\/types\/page"}],"author":[{"embeddable":true,"href":"https:\/\/varibase.com\/blog\/wp-json\/wp\/v2\/users\/1"}],"replies":[{"embeddable":true,"href":"https:\/\/varibase.com\/blog\/wp-json\/wp\/v2\/comments?post=3"}],"version-history":[{"count":1,"href":"https:\/\/varibase.com\/blog\/wp-json\/wp\/v2\/pages\/3\/revisions"}],"predecessor-version":[{"id":421,"href":"https:\/\/varibase.com\/blog\/wp-json\/wp\/v2\/pages\/3\/revisions\/421"}],"wp:attachment":[{"href":"https:\/\/varibase.com\/blog\/wp-json\/wp\/v2\/media?parent=3"}],"curies":[{"name":"wp","href":"https:\/\/api.w.org\/{rel}","templated":true}]}}